{"id":9176,"date":"2026-03-16T19:33:28","date_gmt":"2026-03-16T19:33:28","guid":{"rendered":"https:\/\/test.kognitywistyka.uw.edu.pl\/?page_id=9176"},"modified":"2026-04-17T01:46:55","modified_gmt":"2026-04-16T23:46:55","slug":"o-kierunku","status":"publish","type":"page","link":"https:\/\/test.kognitywistyka.uw.edu.pl\/index.php\/o-kierunku\/","title":{"rendered":"O Kierunku"},"content":{"rendered":"\t\t<div data-elementor-type=\"wp-page\" data-elementor-id=\"9176\" class=\"elementor elementor-9176\">\n\t\t\t\t<div class=\"elementor-element elementor-element-4ff7852 e-flex e-con-boxed wpr-particle-no wpr-jarallax-no wpr-parallax-no wpr-sticky-section-no wpr-equal-height-no e-con e-parent\" data-id=\"4ff7852\" data-element_type=\"container\" data-e-type=\"container\" data-settings=\"{&quot;background_background&quot;:&quot;gradient&quot;}\">\n\t\t\t\t\t<div class=\"e-con-inner\">\n\t\t<div class=\"elementor-element elementor-element-f69cb2f e-con-full eael_liquid_glass_shadow-effect4 semi-glass e-flex eael_liquid_glass-effect1 wpr-particle-no wpr-jarallax-no wpr-parallax-no wpr-sticky-section-no wpr-equal-height-no e-con e-child\" data-id=\"f69cb2f\" data-element_type=\"container\" data-e-type=\"container\">\n\t\t<div class=\"elementor-element elementor-element-72401e2 e-con-full e-flex wpr-particle-no wpr-jarallax-no wpr-parallax-no wpr-sticky-section-no wpr-equal-height-no e-con e-child\" data-id=\"72401e2\" data-element_type=\"container\" data-e-type=\"container\" data-settings=\"{&quot;background_background&quot;:&quot;gradient&quot;}\">\n\t\t\t\t<div class=\"elementor-element elementor-element-026ba7b elementor-widget__width-initial elementor-hidden-mobile elementor-widget elementor-widget-heading\" data-id=\"026ba7b\" data-element_type=\"widget\" data-e-type=\"widget\" data-widget_type=\"heading.default\">\n\t\t\t\t\t<h2 class=\"elementor-heading-title elementor-size-default\">\u25cb \u25cb \u25cb<\/h2>\t\t\t\t<\/div>\n\t\t\t\t<div class=\"elementor-element elementor-element-a491d59 elementor-widget__width-initial elementor-widget-mobile__width-inherit elementor-widget elementor-widget-heading\" data-id=\"a491d59\" data-element_type=\"widget\" data-e-type=\"widget\" data-widget_type=\"heading.default\">\n\t\t\t\t\t<h2 class=\"elementor-heading-title elementor-size-default\">O KIERUNKU<\/h2>\t\t\t\t<\/div>\n\t\t\t\t<div class=\"elementor-element elementor-element-3580d8c elementor-widget__width-initial elementor-widget elementor-widget-heading\" data-id=\"3580d8c\" data-element_type=\"widget\" data-e-type=\"widget\" data-widget_type=\"heading.default\">\n\t\t\t\t\t<h2 class=\"elementor-heading-title elementor-size-default\">\u25cb \u25cb \u25cb<\/h2>\t\t\t\t<\/div>\n\t\t\t\t<\/div>\n\t\t\t\t<div class=\"elementor-element elementor-element-c506f5e elementor-widget elementor-widget-image\" data-id=\"c506f5e\" data-element_type=\"widget\" data-e-type=\"widget\" data-widget_type=\"image.default\">\n\t\t\t\t\t\t\t\t\t\t\t\t\t\t\t<img fetchpriority=\"high\" decoding=\"async\" width=\"1024\" height=\"682\" src=\"https:\/\/test.kognitywistyka.uw.edu.pl\/wp-content\/uploads\/2026\/04\/EEG2-1024x682.jpg\" class=\"attachment-large size-large wp-image-11525\" alt=\"\" srcset=\"https:\/\/test.kognitywistyka.uw.edu.pl\/wp-content\/uploads\/2026\/04\/EEG2-1024x682.jpg 1024w, https:\/\/test.kognitywistyka.uw.edu.pl\/wp-content\/uploads\/2026\/04\/EEG2-300x200.jpg 300w, https:\/\/test.kognitywistyka.uw.edu.pl\/wp-content\/uploads\/2026\/04\/EEG2-768x511.jpg 768w, https:\/\/test.kognitywistyka.uw.edu.pl\/wp-content\/uploads\/2026\/04\/EEG2-1536x1023.jpg 1536w, https:\/\/test.kognitywistyka.uw.edu.pl\/wp-content\/uploads\/2026\/04\/EEG2-2048x1363.jpg 2048w\" sizes=\"(max-width: 1024px) 100vw, 1024px\" \/>\t\t\t\t\t\t\t\t\t\t\t\t\t\t\t<\/div>\n\t\t\t\t<div class=\"elementor-element elementor-element-1ed7580 elementor-widget elementor-widget-shortcode\" data-id=\"1ed7580\" data-element_type=\"widget\" data-e-type=\"widget\" data-widget_type=\"shortcode.default\">\n\t\t\t\t\t\t\t<div class=\"elementor-shortcode\"><ul class=\"display-posts-listing\"><li class=\"listing-item\"><div class=\"content\">\n<p>Kognitywistyka UW to bezp\u0142atne studia stacjonarne pierwszego stopnia. Studia maj\u0105 charakter <strong>interdyscyplinarny<\/strong>, \u0142\u0105cz\u0105c takie dziedziny jak psychologia, informatyka, filozofia czy neurobiologia.<\/p>\n\n\n\n<p>Program zaj\u0119\u0107 uwzgl\u0119dnia szeroki wyb\u00f3r kurs\u00f3w specjalizacyjnych, mo\u017cliwo\u015b\u0107 uczestniczenia w <strong>praktykach zawodowych<\/strong> i <strong>projektach badawczych<\/strong>.<\/p>\n\n\n\n<p>Poza szerok\u0105 wiedz\u0105 teoretyczn\u0105 studenci zdobywaj\u0105 praktyczne umiej\u0119tno\u015bci <strong>programowania<\/strong> i <strong>analizy danych<\/strong>. Szczeg\u00f3ln\u0105 wag\u0119 przyk\u0142ada si\u0119 do <strong>praktycznych zastosowa\u0144 <\/strong>zdobytej wiedzy (psychologicznej, informatycznej, metodologicznej, j\u0119zykoznawczej).<\/p>\n\n\n\n<p>Zapraszamy humanist\u00f3w, kt\u00f3rym nie straszna matematyka, i umys\u0142y \u015bcis\u0142e, kt\u00f3rych nie nudzi psychologia!<\/p>\n\n\n\n<p><\/p>\n<\/div><\/li><\/ul><\/div>\n\t\t\t\t\t\t<\/div>\n\t\t\t\t<\/div>\n\t\t<div class=\"elementor-element elementor-element-ad16302 e-con-full e-flex wpr-particle-no wpr-jarallax-no wpr-parallax-no wpr-sticky-section-no wpr-equal-height-no e-con e-child\" data-id=\"ad16302\" data-element_type=\"container\" data-e-type=\"container\">\n\t\t<div class=\"elementor-element elementor-element-8a2c911 e-con-full eael_liquid_glass_shadow-effect4 semi-glass e-flex eael_liquid_glass-effect1 wpr-particle-no wpr-jarallax-no wpr-parallax-no wpr-sticky-section-no wpr-equal-height-no e-con e-child\" data-id=\"8a2c911\" data-element_type=\"container\" data-e-type=\"container\" data-settings=\"{&quot;background_background&quot;:&quot;gradient&quot;}\">\n\t\t<div class=\"elementor-element elementor-element-2c762ea e-con-full e-flex wpr-particle-no wpr-jarallax-no wpr-parallax-no wpr-sticky-section-no wpr-equal-height-no e-con e-child\" data-id=\"2c762ea\" data-element_type=\"container\" data-e-type=\"container\" data-settings=\"{&quot;background_background&quot;:&quot;gradient&quot;}\">\n\t\t\t\t<div class=\"elementor-element elementor-element-132e18e elementor-widget__width-initial elementor-hidden-mobile elementor-widget elementor-widget-heading\" data-id=\"132e18e\" data-element_type=\"widget\" data-e-type=\"widget\" data-widget_type=\"heading.default\">\n\t\t\t\t\t<h2 class=\"elementor-heading-title elementor-size-default\">\u25cb \u25cb \u25cb<\/h2>\t\t\t\t<\/div>\n\t\t\t\t<div class=\"elementor-element elementor-element-cf0dc16 elementor-widget__width-initial elementor-widget-mobile__width-inherit elementor-widget elementor-widget-heading\" data-id=\"cf0dc16\" data-element_type=\"widget\" data-e-type=\"widget\" data-widget_type=\"heading.default\">\n\t\t\t\t\t<h2 class=\"elementor-heading-title elementor-size-default\">ADMINISTRACJA<\/h2>\t\t\t\t<\/div>\n\t\t\t\t<div class=\"elementor-element elementor-element-01d209c elementor-widget__width-initial elementor-widget elementor-widget-heading\" data-id=\"01d209c\" data-element_type=\"widget\" data-e-type=\"widget\" data-widget_type=\"heading.default\">\n\t\t\t\t\t<h2 class=\"elementor-heading-title elementor-size-default\">\u25cb \u25cb \u25cb<\/h2>\t\t\t\t<\/div>\n\t\t\t\t<\/div>\n\t\t<div class=\"elementor-element elementor-element-962ab69 e-con-full e-flex wpr-particle-no wpr-jarallax-no wpr-parallax-no wpr-sticky-section-no wpr-equal-height-no e-con e-child\" data-id=\"962ab69\" data-element_type=\"container\" data-e-type=\"container\">\n\t\t<div class=\"elementor-element elementor-element-d6dd494 e-con-full e-flex wpr-particle-no wpr-jarallax-no wpr-parallax-no wpr-sticky-section-no wpr-equal-height-no e-con e-child\" data-id=\"d6dd494\" data-element_type=\"container\" data-e-type=\"container\">\n\t\t\t\t<div class=\"elementor-element elementor-element-f5ec59d elementor-widget elementor-widget-shortcode\" data-id=\"f5ec59d\" data-element_type=\"widget\" data-e-type=\"widget\" data-widget_type=\"shortcode.default\">\n\t\t\t\t\t\t\t<div class=\"elementor-shortcode\"><ul class=\"display-posts-listing\"><li class=\"listing-item\"><div class=\"content\">\n<h4 class=\"wp-block-heading has-text-align-center\"><strong>Kierownik studi\u00f3w:<\/strong><\/h4>\n\n\n\n<p class=\"has-text-align-center\"><a href=\"https:\/\/filozofia.uw.edu.pl\/pracownik\/natalia-karczewska\/\">dr Natalia Karczewska<\/a><\/p>\n\n\n\n<h4 class=\"wp-block-heading has-text-align-center\"><strong>Obs\u0142uga administracyjna studi\u00f3w:<\/strong><\/h4>\n\n\n\n<p class=\"has-text-align-center\">Monika Kie\u0142ek<\/p>\n<\/div><\/li><\/ul><\/div>\n\t\t\t\t\t\t<\/div>\n\t\t\t\t<\/div>\n\t\t<div class=\"elementor-element elementor-element-eb0bda9 e-con-full e-flex wpr-particle-no wpr-jarallax-no wpr-parallax-no wpr-sticky-section-no wpr-equal-height-no e-con e-child\" data-id=\"eb0bda9\" data-element_type=\"container\" data-e-type=\"container\">\n\t\t\t\t<div class=\"elementor-element elementor-element-4a6b6d8 elementor-widget elementor-widget-image\" data-id=\"4a6b6d8\" data-element_type=\"widget\" data-e-type=\"widget\" data-widget_type=\"image.default\">\n\t\t\t\t\t\t\t\t\t\t\t\t\t\t\t<img decoding=\"async\" width=\"1024\" height=\"682\" src=\"https:\/\/test.kognitywistyka.uw.edu.pl\/wp-content\/uploads\/2026\/03\/USOS-1024x682.jpg\" class=\"attachment-large size-large wp-image-11153\" alt=\"\" srcset=\"https:\/\/test.kognitywistyka.uw.edu.pl\/wp-content\/uploads\/2026\/03\/USOS-1024x682.jpg 1024w, https:\/\/test.kognitywistyka.uw.edu.pl\/wp-content\/uploads\/2026\/03\/USOS-300x200.jpg 300w, https:\/\/test.kognitywistyka.uw.edu.pl\/wp-content\/uploads\/2026\/03\/USOS-768x511.jpg 768w, https:\/\/test.kognitywistyka.uw.edu.pl\/wp-content\/uploads\/2026\/03\/USOS-1536x1022.jpg 1536w, https:\/\/test.kognitywistyka.uw.edu.pl\/wp-content\/uploads\/2026\/03\/USOS.jpg 2048w\" sizes=\"(max-width: 1024px) 100vw, 1024px\" \/>\t\t\t\t\t\t\t\t\t\t\t\t\t\t\t<\/div>\n\t\t\t\t<\/div>\n\t\t\t\t<\/div>\n\t\t\t\t<\/div>\n\t\t<div class=\"elementor-element elementor-element-e64d762 e-con-full eael_liquid_glass_shadow-effect4 semi-glass e-flex eael_liquid_glass-effect1 wpr-particle-no wpr-jarallax-no wpr-parallax-no wpr-sticky-section-no wpr-equal-height-no e-con e-child\" data-id=\"e64d762\" data-element_type=\"container\" data-e-type=\"container\">\n\t\t<div class=\"elementor-element elementor-element-05a182b e-con-full e-flex wpr-particle-no wpr-jarallax-no wpr-parallax-no wpr-sticky-section-no wpr-equal-height-no e-con e-child\" data-id=\"05a182b\" data-element_type=\"container\" data-e-type=\"container\" data-settings=\"{&quot;background_background&quot;:&quot;gradient&quot;}\">\n\t\t\t\t<div class=\"elementor-element elementor-element-084bb8a elementor-widget__width-initial elementor-hidden-mobile elementor-widget elementor-widget-heading\" data-id=\"084bb8a\" data-element_type=\"widget\" data-e-type=\"widget\" data-widget_type=\"heading.default\">\n\t\t\t\t\t<h2 class=\"elementor-heading-title elementor-size-default\">\u25cb \u25cb \u25cb<\/h2>\t\t\t\t<\/div>\n\t\t\t\t<div class=\"elementor-element elementor-element-a4f4b62 elementor-widget__width-initial elementor-widget-mobile__width-inherit elementor-widget elementor-widget-heading\" data-id=\"a4f4b62\" data-element_type=\"widget\" data-e-type=\"widget\" data-widget_type=\"heading.default\">\n\t\t\t\t\t<h2 class=\"elementor-heading-title elementor-size-default\">PROGRAM ZIP<\/h2>\t\t\t\t<\/div>\n\t\t\t\t<div class=\"elementor-element elementor-element-a71a153 elementor-widget__width-initial elementor-widget elementor-widget-heading\" data-id=\"a71a153\" data-element_type=\"widget\" data-e-type=\"widget\" data-widget_type=\"heading.default\">\n\t\t\t\t\t<h2 class=\"elementor-heading-title elementor-size-default\">\u25cb \u25cb \u25cb<\/h2>\t\t\t\t<\/div>\n\t\t\t\t<\/div>\n\t\t\t\t<div class=\"elementor-element elementor-element-8b3a04d elementor-widget elementor-widget-shortcode\" data-id=\"8b3a04d\" data-element_type=\"widget\" data-e-type=\"widget\" data-widget_type=\"shortcode.default\">\n\t\t\t\t\t\t\t<div class=\"elementor-shortcode\"><ul class=\"display-posts-listing\"><li class=\"listing-item\"><div class=\"content\">\n<p>Lorem ipsum<\/p>\n<\/div><\/li><\/ul><\/div>\n\t\t\t\t\t\t<\/div>\n\t\t\t\t<\/div>\n\t\t\t\t<\/div>\n\t\t\t\t\t<\/div>\n\t\t\t\t<\/div>\n\t\t<div class=\"elementor-element elementor-element-c6ad755 e-flex e-con-boxed wpr-particle-no wpr-jarallax-no wpr-parallax-no wpr-sticky-section-no wpr-equal-height-no e-con e-parent\" data-id=\"c6ad755\" data-element_type=\"container\" data-e-type=\"container\">\n\t\t\t\t\t<div class=\"e-con-inner\">\n\t\t\t\t\t<\/div>\n\t\t\t\t<\/div>\n\t\t\t\t<\/div>\n\t\t","protected":false},"excerpt":{"rendered":"<p>\u25cb \u25cb \u25cb O KIERUNKU \u25cb \u25cb \u25cb \u25cb \u25cb \u25cb ADMINISTRACJA \u25cb \u25cb \u25cb \u25cb \u25cb \u25cb PROGRAM ZIP \u25cb \u25cb \u25cb<\/p>\n","protected":false},"author":1,"featured_media":0,"parent":0,"menu_order":0,"comment_status":"closed","ping_status":"closed","template":"elementor_header_footer","meta":{"site-sidebar-layout":"no-sidebar","site-content-layout":"page-builder","ast-site-content-layout":"full-width-container","site-content-style":"default","site-sidebar-style":"default","ast-global-header-display":"","ast-banner-title-visibility":"","ast-main-header-display":"","ast-hfb-above-header-display":"","ast-hfb-below-header-display":"","ast-hfb-mobile-header-display":"","site-post-title":"disabled","ast-breadcrumbs-content":"","ast-featured-img":"disabled","footer-sml-layout":"","ast-disable-related-posts":"","theme-transparent-header-meta":"","adv-header-id-meta":"","stick-header-meta":"","header-above-stick-meta":"","header-main-stick-meta":"","header-below-stick-meta":"","astra-migrate-meta-layouts":"set","ast-page-background-enabled":"default","ast-page-background-meta":{"desktop":{"background-color":"","background-image":"","background-repeat":"repeat","background-position":"center center","background-size":"auto","background-attachment":"scroll","background-type":"","background-media":"","overlay-type":"","overlay-color":"","overlay-opacity":"","overlay-gradient":""},"tablet":{"background-color":"","background-image":"","background-repeat":"repeat","background-position":"center center","background-size":"auto","background-attachment":"scroll","background-type":"","background-media":"","overlay-type":"","overlay-color":"","overlay-opacity":"","overlay-gradient":""},"mobile":{"background-color":"","background-image":"","background-repeat":"repeat","background-position":"center center","background-size":"auto","background-attachment":"scroll","background-type":"","background-media":"","overlay-type":"","overlay-color":"","overlay-opacity":"","overlay-gradient":""}},"ast-content-background-meta":{"desktop":{"background-color":"var(--ast-global-color-5)","background-image":"","background-repeat":"repeat","background-position":"center center","background-size":"auto","background-attachment":"scroll","background-type":"","background-media":"","overlay-type":"","overlay-color":"","overlay-opacity":"","overlay-gradient":""},"tablet":{"background-color":"var(--ast-global-color-5)","background-image":"","background-repeat":"repeat","background-position":"center center","background-size":"auto","background-attachment":"scroll","background-type":"","background-media":"","overlay-type":"","overlay-color":"","overlay-opacity":"","overlay-gradient":""},"mobile":{"background-color":"var(--ast-global-color-5)","background-image":"","background-repeat":"repeat","background-position":"center center","background-size":"auto","background-attachment":"scroll","background-type":"","background-media":"","overlay-type":"","overlay-color":"","overlay-opacity":"","overlay-gradient":""}},"footnotes":""},"class_list":["post-9176","page","type-page","status-publish","hentry"],"_links":{"self":[{"href":"https:\/\/test.kognitywistyka.uw.edu.pl\/index.php\/wp-json\/wp\/v2\/pages\/9176","targetHints":{"allow":["GET"]}}],"collection":[{"href":"https:\/\/test.kognitywistyka.uw.edu.pl\/index.php\/wp-json\/wp\/v2\/pages"}],"about":[{"href":"https:\/\/test.kognitywistyka.uw.edu.pl\/index.php\/wp-json\/wp\/v2\/types\/page"}],"author":[{"embeddable":true,"href":"https:\/\/test.kognitywistyka.uw.edu.pl\/index.php\/wp-json\/wp\/v2\/users\/1"}],"replies":[{"embeddable":true,"href":"https:\/\/test.kognitywistyka.uw.edu.pl\/index.php\/wp-json\/wp\/v2\/comments?post=9176"}],"version-history":[{"count":230,"href":"https:\/\/test.kognitywistyka.uw.edu.pl\/index.php\/wp-json\/wp\/v2\/pages\/9176\/revisions"}],"predecessor-version":[{"id":12649,"href":"https:\/\/test.kognitywistyka.uw.edu.pl\/index.php\/wp-json\/wp\/v2\/pages\/9176\/revisions\/12649"}],"wp:attachment":[{"href":"https:\/\/test.kognitywistyka.uw.edu.pl\/index.php\/wp-json\/wp\/v2\/media?parent=9176"}],"curies":[{"name":"wp","href":"https:\/\/api.w.org\/{rel}","templated":true}]}}